{"id":110,"date":"2021-10-20T02:09:49","date_gmt":"2021-10-20T02:09:49","guid":{"rendered":"http:\/\/remax-rio.com.ar\/?page_id=110"},"modified":"2024-09-22T17:07:46","modified_gmt":"2024-09-22T17:07:46","slug":"unite","status":"publish","type":"page","link":"https:\/\/remax-rio.com.ar\/index.php\/unite\/","title":{"rendered":"Unite a Nuestro Equipo"},"content":{"rendered":"<p>[et_pb_section fb_built=\u00bb1&#8243; admin_label=\u00bbHero section\u00bb _builder_version=\u00bb4.16.1&#8243; use_background_color_gradient=\u00bbon\u00bb background_color_gradient_stops=\u00bbrgba(150,105,97,0.67) 0%|rgba(2,0,76,0.84) 100%\u00bb background_color_gradient_overlays_image=\u00bbon\u00bb background_color_gradient_start=\u00bbrgba(150,105,97,0.67)\u00bb background_color_gradient_end=\u00bbrgba(2,0,76,0.84)\u00bb background_image=\u00bbhttps:\/\/remax-rio.com.ar\/wp-content\/uploads\/2024\/09\/REMAX-499-scaled.jpg\u00bb background_position=\u00bbtop_center\u00bb custom_margin=\u00bb|||\u00bb custom_padding=\u00bb10%||14%|\u00bb hover_enabled=\u00bb0&#8243; global_colors_info=\u00bb{}\u00bb title_text=\u00bbREMAX (499)\u00bb sticky_enabled=\u00bb0&#8243;][et_pb_row column_structure=\u00bb2_3,1_3&#8243; _builder_version=\u00bb4.16.1&#8243; custom_margin=\u00bb|||\u00bb hover_enabled=\u00bb0&#8243; global_colors_info=\u00bb{}\u00bb max_width=\u00bb100%\u00bb sticky_enabled=\u00bb0&#8243;][et_pb_column type=\u00bb2_3&#8243; _builder_version=\u00bb4.16&#8243; custom_padding=\u00bb1px|||\u00bb global_colors_info=\u00bb{}\u00bb custom_padding__hover=\u00bb|||\u00bb][et_pb_cta title=\u00bbEL \u00c9XITO ES UNA DECISI\u00d3N\u00bb button_url=\u00bb#\u00bb _builder_version=\u00bb4.16.1&#8243; header_level=\u00bbh1&#8243; header_font=\u00bbLato|900||on|||||\u00bb header_font_size=\u00bb80px\u00bb header_letter_spacing=\u00bb2px\u00bb header_line_height=\u00bb1.2em\u00bb body_font=\u00bbLato||||||||\u00bb body_font_size=\u00bb20px\u00bb body_line_height=\u00bb1.8em\u00bb use_background_color=\u00bboff\u00bb custom_button=\u00bbon\u00bb button_text_size=\u00bb16px\u00bb button_text_color=\u00bb#ffffff\u00bb button_bg_color=\u00bb#fa7f28&#8243; button_border_width=\u00bb6px\u00bb button_border_color=\u00bb#fa7f28&#8243; button_border_radius=\u00bb5px\u00bb button_letter_spacing=\u00bb2px\u00bb button_font=\u00bbLato|900||on|||||\u00bb text_orientation=\u00bbleft\u00bb max_width=\u00bb920px\u00bb module_alignment=\u00bbleft\u00bb custom_margin=\u00bb|33px||||\u00bb animation_style=\u00bbfold\u00bb animation_intensity_fold=\u00bb16%\u00bb hover_enabled=\u00bb0&#8243; header_font_size_tablet=\u00bb46px\u00bb header_font_size_phone=\u00bb\u00bb header_font_size_last_edited=\u00bbon|tablet\u00bb header_text_shadow_style=\u00bbpreset1&#8243; header_text_shadow_blur_strength=\u00bb0.6em\u00bb header_text_shadow_color=\u00bbrgba(0,0,0,0.6)\u00bb box_shadow_style_button=\u00bbpreset3&#8243; box_shadow_blur_button=\u00bb30px\u00bb box_shadow_spread_button=\u00bb8px\u00bb box_shadow_color_button=\u00bbrgba(250,127,40,0.15)\u00bb button_letter_spacing_hover=\u00bb2px\u00bb global_colors_info=\u00bb{}\u00bb button_text_size__hover_enabled=\u00bboff\u00bb button_one_text_size__hover_enabled=\u00bboff\u00bb button_two_text_size__hover_enabled=\u00bboff\u00bb button_text_color__hover_enabled=\u00bboff\u00bb button_one_text_color__hover_enabled=\u00bboff\u00bb button_two_text_color__hover_enabled=\u00bboff\u00bb button_border_width__hover_enabled=\u00bboff\u00bb button_one_border_width__hover_enabled=\u00bboff\u00bb button_two_border_width__hover_enabled=\u00bboff\u00bb button_border_color__hover_enabled=\u00bboff\u00bb button_one_border_color__hover_enabled=\u00bboff\u00bb button_two_border_color__hover_enabled=\u00bboff\u00bb button_border_radius__hover_enabled=\u00bboff\u00bb button_one_border_radius__hover_enabled=\u00bboff\u00bb button_two_border_radius__hover_enabled=\u00bboff\u00bb button_letter_spacing__hover_enabled=\u00bbon\u00bb button_letter_spacing__hover=\u00bb2px\u00bb button_one_letter_spacing__hover_enabled=\u00bboff\u00bb button_two_letter_spacing__hover_enabled=\u00bboff\u00bb button_bg_color__hover_enabled=\u00bboff\u00bb button_one_bg_color__hover_enabled=\u00bboff\u00bb button_two_bg_color__hover_enabled=\u00bboff\u00bb sticky_enabled=\u00bb0&#8243;]<\/p>\n<h3>Ser Agente inmobiliario RE\/MAX R\u00cdO, significa trabajar por desarrollarte en forma aut\u00f3noma bajo la direcci\u00f3n y supervisi\u00f3n de nuestra Broker y Martillera Andrea Oliveri.<\/h3>\n<h3>\u00a1Tu momento es ahora! Ven\u00ed a ser parte de la red inmobiliaria l\u00edder en el mundo.<\/h3>\n<p>[\/et_pb_cta][\/et_pb_column][et_pb_column type=\u00bb1_3&#8243; _builder_version=\u00bb4.16&#8243; custom_padding=\u00bb|||\u00bb global_colors_info=\u00bb{}\u00bb custom_padding__hover=\u00bb|||\u00bb][et_pb_code _builder_version=\u00bb4.16.1&#8243; _module_preset=\u00bbdefault\u00bb custom_css_main_element=\u00bbcolor: white\u00bb global_colors_info=\u00bb{}\u00bb]<!-- [et_pb_line_break_holder] -->\n<div class=\"wpcf7 no-js\" id=\"wpcf7-f176-o1\" lang=\"es-ES\" dir=\"ltr\" data-wpcf7-id=\"176\">\n<div class=\"screen-reader-response\"><p role=\"status\" aria-live=\"polite\" aria-atomic=\"true\"><\/p> <ul><\/ul><\/div>\n<form action=\"\/index.php\/wp-json\/wp\/v2\/pages\/110#wpcf7-f176-o1\" method=\"post\" class=\"wpcf7-form init\" aria-label=\"Formulario de contacto\" enctype=\"multipart\/form-data\" novalidate=\"novalidate\" data-status=\"init\">\n<fieldset class=\"hidden-fields-container\"><input type=\"hidden\" name=\"_wpcf7\" value=\"176\" \/><input type=\"hidden\" name=\"_wpcf7_version\" value=\"6.1.2\" \/><input type=\"hidden\" name=\"_wpcf7_locale\" value=\"es_ES\" \/><input type=\"hidden\" name=\"_wpcf7_unit_tag\" value=\"wpcf7-f176-o1\" \/><input type=\"hidden\" name=\"_wpcf7_container_post\" value=\"0\" \/><input type=\"hidden\" name=\"_wpcf7_posted_data_hash\" value=\"\" \/>\n<\/fieldset>\n<p><span class=\"wpcf7-form-control-wrap\" data-name=\"NombreyApellido\"><input size=\"40\" maxlength=\"400\" class=\"wpcf7-form-control wpcf7-text wpcf7-validates-as-required\" aria-required=\"true\" aria-invalid=\"false\" value=\"Nombre y Apellido\" type=\"text\" name=\"NombreyApellido\" \/><\/span>\n<\/p>\n<div class=\"form2-container\">\n\t<p><span class=\"wpcf7-form-control-wrap\" data-name=\"correo\"><input size=\"40\" maxlength=\"400\" class=\"wpcf7-form-control wpcf7-email wpcf7-validates-as-required wpcf7-text wpcf7-validates-as-email form2\" aria-required=\"true\" aria-invalid=\"false\" value=\"Correo\" type=\"email\" name=\"correo\" \/><\/span>\n\t<\/p>\n\t<p><span class=\"wpcf7-form-control-wrap\" data-name=\"telf\"><input size=\"40\" maxlength=\"400\" class=\"wpcf7-form-control wpcf7-tel wpcf7-validates-as-required wpcf7-text wpcf7-validates-as-tel form2\" aria-required=\"true\" aria-invalid=\"false\" value=\"Tel\u00e9fono\" type=\"tel\" name=\"telf\" \/><\/span>\n\t<\/p>\n<\/div>\n<p><span class=\"wpcf7-form-control-wrap\" data-name=\"comonosconociste\"><select class=\"wpcf7-form-control wpcf7-select wpcf7-validates-as-required form1\" aria-required=\"true\" aria-invalid=\"false\" name=\"comonosconociste\"><option value=\"\u00bfComo nos conociste?\">\u00bfComo nos conociste?<\/option><option value=\"Agente Remax\">Agente Remax<\/option><option value=\"Aviso B\u00fasqueda\">Aviso B\u00fasqueda<\/option><option value=\"Redes Sociales\">Redes Sociales<\/option><option value=\"Otro\">Otro<\/option><\/select><\/span>\n<\/p>\n<p><label>Agrega tu cv<\/label><br \/>\n<span class=\"wpcf7-form-control-wrap\" data-name=\"cv\"><input size=\"40\" class=\"wpcf7-form-control wpcf7-file wpcf7-validates-as-required\" accept=\".pdf,.jpg,.png,.jpeg,.doc,.docx,.ppt\" aria-required=\"true\" aria-invalid=\"false\" type=\"file\" name=\"cv\" \/><\/span>\n<\/p>\n<p><input class=\"wpcf7-form-control wpcf7-submit has-spinner btn\" type=\"submit\" value=\"Quiero ser Agente Inmobiliario\" \/>\n<\/p><div class=\"wpcf7-response-output\" aria-hidden=\"true\"><\/div>\n<\/form>\n<\/div>\n[\/et_pb_code][\/et_pb_column][\/et_pb_row][\/et_pb_section][et_pb_section fb_built=\u00bb1&#8243; admin_label=\u00bbFeatures\u00bb _builder_version=\u00bb4.16&#8243; custom_padding=\u00bb100px|0px|100px|0px\u00bb global_colors_info=\u00bb{}\u00bb][et_pb_row _builder_version=\u00bb4.16&#8243; custom_margin=\u00bb|||\u00bb global_colors_info=\u00bb{}\u00bb][et_pb_column type=\u00bb4_4&#8243; _builder_version=\u00bb4.16&#8243; custom_padding=\u00bb|||\u00bb global_colors_info=\u00bb{}\u00bb custom_padding__hover=\u00bb|||\u00bb][et_pb_text _builder_version=\u00bb4.16&#8243; text_font=\u00bbLato||||||||\u00bb text_text_color=\u00bb#898f99&#8243; text_font_size=\u00bb18px\u00bb text_line_height=\u00bb2em\u00bb header_font=\u00bb||||||||\u00bb header_2_font=\u00bbLato|700|||||||\u00bb header_2_font_size=\u00bb42px\u00bb header_2_line_height=\u00bb1.5em\u00bb text_orientation=\u00bbcenter\u00bb max_width=\u00bb800px\u00bb module_alignment=\u00bbcenter\u00bb locked=\u00bboff\u00bb global_colors_info=\u00bb{}\u00bb]<\/p>\n<h2>Obtendras los siguientes beneficios.<\/h2>\n<p>&nbsp;<\/p>\n<p>[\/et_pb_text][\/et_pb_column][\/et_pb_row][et_pb_row column_structure=\u00bb1_3,1_3,1_3&#8243; _builder_version=\u00bb4.16&#8243; max_width=\u00bb1440px\u00bb custom_margin=\u00bb|||\u00bb animation_style=\u00bbfold\u00bb box_shadow_style=\u00bbpreset6&#8243; use_custom_width=\u00bbon\u00bb custom_width_px=\u00bb1440px\u00bb global_colors_info=\u00bb{}\u00bb][et_pb_column type=\u00bb1_3&#8243; _builder_version=\u00bb4.16&#8243; custom_padding=\u00bb|||\u00bb global_colors_info=\u00bb{}\u00bb custom_padding__hover=\u00bb|||\u00bb][et_pb_blurb title=\u00bbdesarrollo personal\u00bb image=\u00bbhttps:\/\/remax-rio.com.ar\/wp-content\/uploads\/2021\/10\/50-300&#215;300.png\u00bb _builder_version=\u00bb4.16&#8243; header_font=\u00bbLato|900||on|||||\u00bb header_font_size=\u00bb15px\u00bb header_letter_spacing=\u00bb1px\u00bb header_line_height=\u00bb1.4em\u00bb body_font=\u00bbLato||||||||\u00bb body_text_color=\u00bb#898f99&#8243; body_font_size=\u00bb16px\u00bb body_line_height=\u00bb1.6em\u00bb text_orientation=\u00bbcenter\u00bb custom_margin=\u00bb|||\u00bb custom_padding=\u00bb60px|40px|60px|40px\u00bb animation=\u00bboff\u00bb border_radii=\u00bbon|15px|15px|15px|15px\u00bb global_colors_info=\u00bb{}\u00bb][\/et_pb_blurb][\/et_pb_column][et_pb_column type=\u00bb1_3&#8243; _builder_version=\u00bb4.16&#8243; custom_padding=\u00bb|||\u00bb global_colors_info=\u00bb{}\u00bb custom_padding__hover=\u00bb|||\u00bb][et_pb_blurb title=\u00bbCRECIMIENTO economico\u00bb image=\u00bbhttps:\/\/remax-rio.com.ar\/wp-content\/uploads\/2021\/10\/70-300&#215;300.png\u00bb _builder_version=\u00bb4.16&#8243; header_font=\u00bbLato|900||on|||||\u00bb header_font_size=\u00bb15px\u00bb header_letter_spacing=\u00bb1px\u00bb header_line_height=\u00bb1.4em\u00bb body_font=\u00bbLato||||||||\u00bb body_text_color=\u00bb#898f99&#8243; body_font_size=\u00bb16px\u00bb body_line_height=\u00bb1.6em\u00bb text_orientation=\u00bbcenter\u00bb custom_margin=\u00bb|||\u00bb custom_padding=\u00bb60px|40px|60px|40px\u00bb animation=\u00bboff\u00bb border_radii=\u00bbon|15px|15px|15px|15px\u00bb box_shadow_style=\u00bbpreset2&#8243; box_shadow_horizontal=\u00bb0px\u00bb box_shadow_blur=\u00bb54px\u00bb box_shadow_spread=\u00bb17px\u00bb box_shadow_color=\u00bbrgba(0,0,0,0.04)\u00bb global_colors_info=\u00bb{}\u00bb][\/et_pb_blurb][\/et_pb_column][et_pb_column type=\u00bb1_3&#8243; _builder_version=\u00bb4.16&#8243; custom_padding=\u00bb|||\u00bb global_colors_info=\u00bb{}\u00bb custom_padding__hover=\u00bb|||\u00bb][et_pb_blurb title=\u00bbred de colegas\u00bb image=\u00bbhttps:\/\/remax-rio.com.ar\/wp-content\/uploads\/2021\/10\/20-300&#215;300.png\u00bb _builder_version=\u00bb4.16&#8243; header_font=\u00bbLato|900||on|||||\u00bb header_font_size=\u00bb15px\u00bb header_letter_spacing=\u00bb1px\u00bb header_line_height=\u00bb1.4em\u00bb body_font=\u00bbLato||||||||\u00bb body_text_color=\u00bb#898f99&#8243; body_font_size=\u00bb16px\u00bb body_line_height=\u00bb1.6em\u00bb text_orientation=\u00bbcenter\u00bb custom_margin=\u00bb|||\u00bb custom_padding=\u00bb60px|40px|60px|40px\u00bb animation=\u00bboff\u00bb border_radii=\u00bbon|15px|15px|15px|15px\u00bb global_colors_info=\u00bb{}\u00bb][\/et_pb_blurb][\/et_pb_column][\/et_pb_row][et_pb_row column_structure=\u00bb1_3,1_3,1_3&#8243; _builder_version=\u00bb4.16&#8243; max_width=\u00bb1440px\u00bb custom_margin=\u00bb|||\u00bb animation_style=\u00bbfold\u00bb box_shadow_style=\u00bbpreset6&#8243; use_custom_width=\u00bbon\u00bb custom_width_px=\u00bb1440px\u00bb global_colors_info=\u00bb{}\u00bb][et_pb_column type=\u00bb1_3&#8243; _builder_version=\u00bb4.16&#8243; custom_padding=\u00bb|||\u00bb global_colors_info=\u00bb{}\u00bb custom_padding__hover=\u00bb|||\u00bb][et_pb_blurb title=\u00bbimagen corporativa\u00bb image=\u00bbhttps:\/\/remax-rio.com.ar\/wp-content\/uploads\/2021\/10\/30-300&#215;300.png\u00bb _builder_version=\u00bb4.16&#8243; header_font=\u00bbLato|900||on|||||\u00bb header_font_size=\u00bb15px\u00bb header_letter_spacing=\u00bb1px\u00bb header_line_height=\u00bb1.4em\u00bb body_font=\u00bbLato||||||||\u00bb body_text_color=\u00bb#898f99&#8243; body_font_size=\u00bb16px\u00bb body_line_height=\u00bb1.6em\u00bb text_orientation=\u00bbcenter\u00bb custom_margin=\u00bb|||\u00bb custom_padding=\u00bb60px|40px|60px|40px\u00bb animation=\u00bboff\u00bb border_radii=\u00bbon|15px|15px|15px|15px\u00bb global_colors_info=\u00bb{}\u00bb][\/et_pb_blurb][\/et_pb_column][et_pb_column type=\u00bb1_3&#8243; _builder_version=\u00bb4.16&#8243; custom_padding=\u00bb|||\u00bb global_colors_info=\u00bb{}\u00bb custom_padding__hover=\u00bb|||\u00bb][et_pb_blurb title=\u00bbformacion constante\u00bb image=\u00bbhttps:\/\/remax-rio.com.ar\/wp-content\/uploads\/2021\/10\/60-297&#215;300.png\u00bb _builder_version=\u00bb4.16&#8243; header_font=\u00bbLato|900||on|||||\u00bb header_font_size=\u00bb15px\u00bb header_letter_spacing=\u00bb1px\u00bb header_line_height=\u00bb1.4em\u00bb body_font=\u00bbLato||||||||\u00bb body_text_color=\u00bb#898f99&#8243; body_font_size=\u00bb16px\u00bb body_line_height=\u00bb1.6em\u00bb text_orientation=\u00bbcenter\u00bb custom_margin=\u00bb|||\u00bb custom_padding=\u00bb60px|40px|60px|40px\u00bb animation=\u00bboff\u00bb border_radii=\u00bbon|15px|15px|15px|15px\u00bb box_shadow_style=\u00bbpreset2&#8243; box_shadow_horizontal=\u00bb0px\u00bb box_shadow_blur=\u00bb54px\u00bb box_shadow_spread=\u00bb17px\u00bb box_shadow_color=\u00bbrgba(0,0,0,0.04)\u00bb global_colors_info=\u00bb{}\u00bb][\/et_pb_blurb][\/et_pb_column][et_pb_column type=\u00bb1_3&#8243; _builder_version=\u00bb4.16&#8243; custom_padding=\u00bb|||\u00bb global_colors_info=\u00bb{}\u00bb custom_padding__hover=\u00bb|||\u00bb][et_pb_blurb title=\u00bbultima tecnologia\u00bb image=\u00bbhttps:\/\/remax-rio.com.ar\/wp-content\/uploads\/2021\/10\/40-300&#215;300.png\u00bb _builder_version=\u00bb4.16&#8243; header_font=\u00bbLato|900||on|||||\u00bb header_font_size=\u00bb15px\u00bb header_letter_spacing=\u00bb1px\u00bb header_line_height=\u00bb1.4em\u00bb body_font=\u00bbLato||||||||\u00bb body_text_color=\u00bb#898f99&#8243; body_font_size=\u00bb16px\u00bb body_line_height=\u00bb1.6em\u00bb text_orientation=\u00bbcenter\u00bb custom_margin=\u00bb|||\u00bb custom_padding=\u00bb60px|40px|60px|40px\u00bb animation=\u00bboff\u00bb border_radii=\u00bbon|15px|15px|15px|15px\u00bb global_colors_info=\u00bb{}\u00bb][\/et_pb_blurb][\/et_pb_column][\/et_pb_row][\/et_pb_section]<\/p>\n","protected":false},"excerpt":{"rendered":"<p>Ser Agente inmobiliario RE\/MAX R\u00cdO, significa trabajar por desarrollarte en forma aut\u00f3noma bajo la direcci\u00f3n y supervisi\u00f3n de nuestra Broker y Martillera Andrea Oliveri. \u00a1Tu momento es ahora! Ven\u00ed a ser parte de la red inmobiliaria l\u00edder en el mundo.\n<div class=\"wpcf7 no-js\" id=\"wpcf7-f176-o2\" lang=\"es-ES\" dir=\"ltr\" data-wpcf7-id=\"176\">\n<div class=\"screen-reader-response\"><p role=\"status\" aria-live=\"polite\" aria-atomic=\"true\"><\/p> <ul><\/ul><\/div>\n<form action=\"\/index.php\/wp-json\/wp\/v2\/pages\/110#wpcf7-f176-o2\" method=\"post\" class=\"wpcf7-form init\" aria-label=\"Formulario de contacto\" enctype=\"multipart\/form-data\" novalidate=\"novalidate\" data-status=\"init\">\n<fieldset class=\"hidden-fields-container\"><input type=\"hidden\" name=\"_wpcf7\" value=\"176\" \/><input type=\"hidden\" name=\"_wpcf7_version\" value=\"6.1.2\" \/><input type=\"hidden\" name=\"_wpcf7_locale\" value=\"es_ES\" \/><input type=\"hidden\" name=\"_wpcf7_unit_tag\" value=\"wpcf7-f176-o2\" \/><input type=\"hidden\" name=\"_wpcf7_container_post\" value=\"0\" \/><input type=\"hidden\" name=\"_wpcf7_posted_data_hash\" value=\"\" \/>\n<\/fieldset>\n<p><span class=\"wpcf7-form-control-wrap\" data-name=\"NombreyApellido\"><input size=\"40\" maxlength=\"400\" class=\"wpcf7-form-control wpcf7-text wpcf7-validates-as-required\" aria-required=\"true\" aria-invalid=\"false\" value=\"Nombre y Apellido\" type=\"text\" name=\"NombreyApellido\" \/><\/span>\n<\/p>\n<div class=\"form2-container\">\n\t<p><span class=\"wpcf7-form-control-wrap\" data-name=\"correo\"><input size=\"40\" maxlength=\"400\" class=\"wpcf7-form-control wpcf7-email wpcf7-validates-as-required wpcf7-text wpcf7-validates-as-email form2\" aria-required=\"true\" aria-invalid=\"false\" value=\"Correo\" type=\"email\" name=\"correo\" \/><\/span>\n\t<\/p>\n\t<p><span class=\"wpcf7-form-control-wrap\" data-name=\"telf\"><input size=\"40\" maxlength=\"400\" class=\"wpcf7-form-control wpcf7-tel wpcf7-validates-as-required wpcf7-text wpcf7-validates-as-tel form2\" aria-required=\"true\" aria-invalid=\"false\" value=\"Tel\u00e9fono\" type=\"tel\" name=\"telf\" \/><\/span>\n\t<\/p>\n<\/div>\n<p><span class=\"wpcf7-form-control-wrap\" data-name=\"comonosconociste\"><select class=\"wpcf7-form-control wpcf7-select wpcf7-validates-as-required form1\" aria-required=\"true\" aria-invalid=\"false\" name=\"comonosconociste\"><option value=\"\u00bfComo nos conociste?\">\u00bfComo nos conociste?<\/option><option value=\"Agente Remax\">Agente Remax<\/option><option value=\"Aviso B\u00fasqueda\">Aviso B\u00fasqueda<\/option><option value=\"Redes Sociales\">Redes Sociales<\/option><option value=\"Otro\">Otro<\/option><\/select><\/span>\n<\/p>\n<p><label>Agrega tu cv<\/label><br \/>\n<span class=\"wpcf7-form-control-wrap\" data-name=\"cv\"><input size=\"40\" class=\"wpcf7-form-control wpcf7-file wpcf7-validates-as-required\" accept=\".pdf,.jpg,.png,.jpeg,.doc,.docx,.ppt\" aria-required=\"true\" aria-invalid=\"false\" type=\"file\" name=\"cv\" \/><\/span>\n<\/p>\n<p><input class=\"wpcf7-form-control wpcf7-submit has-spinner btn\" type=\"submit\" value=\"Quiero ser Agente Inmobiliario\" \/>\n<\/p><div class=\"wpcf7-response-output\" aria-hidden=\"true\"><\/div>\n<\/form>\n<\/div>\nObtendras los siguientes beneficios. &nbsp;<\/p>\n","protected":false},"author":1,"featured_media":0,"parent":0,"menu_order":0,"comment_status":"closed","ping_status":"closed","template":"","meta":{"_et_pb_use_builder":"on","_et_pb_old_content":"","_et_gb_content_width":"","footnotes":""},"class_list":["post-110","page","type-page","status-publish","hentry"],"_links":{"self":[{"href":"https:\/\/remax-rio.com.ar\/index.php\/wp-json\/wp\/v2\/pages\/110","targetHints":{"allow":["GET"]}}],"collection":[{"href":"https:\/\/remax-rio.com.ar\/index.php\/wp-json\/wp\/v2\/pages"}],"about":[{"href":"https:\/\/remax-rio.com.ar\/index.php\/wp-json\/wp\/v2\/types\/page"}],"author":[{"embeddable":true,"href":"https:\/\/remax-rio.com.ar\/index.php\/wp-json\/wp\/v2\/users\/1"}],"replies":[{"embeddable":true,"href":"https:\/\/remax-rio.com.ar\/index.php\/wp-json\/wp\/v2\/comments?post=110"}],"version-history":[{"count":23,"href":"https:\/\/remax-rio.com.ar\/index.php\/wp-json\/wp\/v2\/pages\/110\/revisions"}],"predecessor-version":[{"id":21970,"href":"https:\/\/remax-rio.com.ar\/index.php\/wp-json\/wp\/v2\/pages\/110\/revisions\/21970"}],"wp:attachment":[{"href":"https:\/\/remax-rio.com.ar\/index.php\/wp-json\/wp\/v2\/media?parent=110"}],"curies":[{"name":"wp","href":"https:\/\/api.w.org\/{rel}","templated":true}]}}